{"id":2,"date":"2019-07-06T12:32:27","date_gmt":"2019-07-06T12:32:27","guid":{"rendered":"http:\/\/jelwent.home.pl\/autoinstalator\/wordpressplugins\/?page_id=2"},"modified":"2020-01-29T17:21:14","modified_gmt":"2020-01-29T16:21:14","slug":"przykladowa-strona","status":"publish","type":"page","link":"http:\/\/modelarstwo.handtke.eu\/index.php\/przykladowa-strona\/","title":{"rendered":"MODELARSTWO"},"content":{"rendered":"\n<p>Po wielu latach przerwy, wr\u00f3ci\u0142em do modelarstwa. Kiedy\u015b klei\u0142em zabawki, teraz modele redukcyjne. Sklejaj\u0105c modele, bardzo cz\u0119sto napotykam na problem kolorystyki i oznacze\u0144 na modelach.<\/p>\n\n\n\n<p>Przeszukuj\u0105c internet znajduj\u0119 wiele przydatnych dokument\u00f3w, kt\u00f3rymi w tym oto blogu chcia\u0142bym si\u0119 z Wami podzieli\u0107 oraz pokaza\u0107 modele kt\u00f3re sklei\u0142em i pomalowa\u0142em zgodnie z dost\u0119pnymi zapisami historycznymi.<\/p>\n\n\n\n<figure class=\"wp-block-image\"><img src=\"http:\/\/modelarstwo.handtke.eu\/wp-content\/uploads\/2020\/01\/narzedzia02-1024x768.jpg\" alt=\"\"\/><\/figure>\n","protected":false},"excerpt":{"rendered":"<p>Po wielu latach przerwy, wr\u00f3ci\u0142em do modelarstwa. Kiedy\u015b klei\u0142em zabawki, teraz modele redukcyjne. Sklejaj\u0105c modele, bardzo cz\u0119sto napotykam na problem kolorystyki i oznacze\u0144 na modelach. Przeszukuj\u0105c internet znajduj\u0119 wiele przydatnych dokument\u00f3w, kt\u00f3rymi w tym oto blogu chcia\u0142bym si\u0119 z Wami podzieli\u0107 oraz pokaza\u0107 modele kt\u00f3re sklei\u0142em i pomalowa\u0142em zgodnie z dost\u0119pnymi zapisami historycznymi.<\/p>\n","protected":false},"author":1,"featured_media":0,"parent":0,"menu_order":0,"comment_status":"closed","ping_status":"open","template":"","meta":[],"_links":{"self":[{"href":"http:\/\/modelarstwo.handtke.eu\/index.php\/wp-json\/wp\/v2\/pages\/2"}],"collection":[{"href":"http:\/\/modelarstwo.handtke.eu\/index.php\/wp-json\/wp\/v2\/pages"}],"about":[{"href":"http:\/\/modelarstwo.handtke.eu\/index.php\/wp-json\/wp\/v2\/types\/page"}],"author":[{"embeddable":true,"href":"http:\/\/modelarstwo.handtke.eu\/index.php\/wp-json\/wp\/v2\/users\/1"}],"replies":[{"embeddable":true,"href":"http:\/\/modelarstwo.handtke.eu\/index.php\/wp-json\/wp\/v2\/comments?post=2"}],"version-history":[{"count":12,"href":"http:\/\/modelarstwo.handtke.eu\/index.php\/wp-json\/wp\/v2\/pages\/2\/revisions"}],"predecessor-version":[{"id":891,"href":"http:\/\/modelarstwo.handtke.eu\/index.php\/wp-json\/wp\/v2\/pages\/2\/revisions\/891"}],"wp:attachment":[{"href":"http:\/\/modelarstwo.handtke.eu\/index.php\/wp-json\/wp\/v2\/media?parent=2"}],"curies":[{"name":"wp","href":"https:\/\/api.w.org\/{rel}","templated":true}]}}